{"id":51,"date":"2018-05-13T18:24:38","date_gmt":"2018-05-13T16:24:38","guid":{"rendered":"http:\/\/www.berliner-obdachlosenhilfe.de\/?page_id=51"},"modified":"2024-04-17T12:05:25","modified_gmt":"2024-04-17T10:05:25","slug":"home","status":"publish","type":"page","link":"https:\/\/www.berliner-obdachlosenhilfe.de\/en\/","title":{"rendered":"Home"},"content":{"rendered":"\n<h2 class=\"wp-block-heading\">We help those in need<\/h2>\n\n\n\n<p>We are a non-profit organization and since 2013 we have been carrying out aid tours on the streets of Berlin to provide homeless and needy people with warm food, drinks, clothing, sleeping bags, hygiene articles, other necessities and a warming conversation. For this purpose, we currently travel four days a week to specific locations in the Berlin districts of Wedding, Mitte, Kreuzberg and Moabit.<\/p>\n\n\n\n<h2 class=\"wp-block-heading\">News<\/h2>\n\n\n<ul class=\"wp-block-latest-posts__list is-grid columns-3 wp-block-latest-posts\"><li><div class=\"wp-block-latest-posts__featured-image aligncenter\"><img loading=\"lazy\" decoding=\"async\" width=\"1024\" height=\"384\" src=\"https:\/\/www.berliner-obdachlosenhilfe.de\/wp-content\/uploads\/2023\/01\/Genug-Ist-Genug-Banner-1024x384.jpg\" class=\"attachment-large size-large wp-post-image\" alt=\"\" style=\"\" srcset=\"https:\/\/www.berliner-obdachlosenhilfe.de\/wp-content\/uploads\/2023\/01\/Genug-Ist-Genug-Banner-1024x384.jpg 1024w, https:\/\/www.berliner-obdachlosenhilfe.de\/wp-content\/uploads\/2023\/01\/Genug-Ist-Genug-Banner-300x113.jpg 300w, https:\/\/www.berliner-obdachlosenhilfe.de\/wp-content\/uploads\/2023\/01\/Genug-Ist-Genug-Banner-768x288.jpg 768w, https:\/\/www.berliner-obdachlosenhilfe.de\/wp-content\/uploads\/2023\/01\/Genug-Ist-Genug-Banner-1536x576.jpg 1536w, https:\/\/www.berliner-obdachlosenhilfe.de\/wp-content\/uploads\/2023\/01\/Genug-Ist-Genug-Banner-570x214.jpg 570w, https:\/\/www.berliner-obdachlosenhilfe.de\/wp-content\/uploads\/2023\/01\/Genug-Ist-Genug-Banner.jpg 1575w\" sizes=\"(max-width: 1024px) 100vw, 1024px\" \/><\/div><a class=\"wp-block-latest-posts__post-title\" href=\"https:\/\/www.berliner-obdachlosenhilfe.de\/en\/blog\/grusswort-an-genug-ist-genug\/\">Gru\u00dfwort an Genug ist Genug!<\/a><\/li>\n<li><div class=\"wp-block-latest-posts__featured-image aligncenter\"><img loading=\"lazy\" decoding=\"async\" width=\"1024\" height=\"682\" src=\"https:\/\/www.berliner-obdachlosenhilfe.de\/wp-content\/uploads\/2019\/01\/photo_2018-01-29_14-05-53-2-1024x682.jpg\" class=\"attachment-large size-large wp-post-image\" alt=\"\" style=\"\" srcset=\"https:\/\/www.berliner-obdachlosenhilfe.de\/wp-content\/uploads\/2019\/01\/photo_2018-01-29_14-05-53-2-1024x682.jpg 1024w, https:\/\/www.berliner-obdachlosenhilfe.de\/wp-content\/uploads\/2019\/01\/photo_2018-01-29_14-05-53-2-300x200.jpg 300w, https:\/\/www.berliner-obdachlosenhilfe.de\/wp-content\/uploads\/2019\/01\/photo_2018-01-29_14-05-53-2-768x512.jpg 768w, https:\/\/www.berliner-obdachlosenhilfe.de\/wp-content\/uploads\/2019\/01\/photo_2018-01-29_14-05-53-2-570x380.jpg 570w, https:\/\/www.berliner-obdachlosenhilfe.de\/wp-content\/uploads\/2019\/01\/photo_2018-01-29_14-05-53-2.jpg 1280w\" sizes=\"(max-width: 1024px) 100vw, 1024px\" \/><\/div><a class=\"wp-block-latest-posts__post-title\" href=\"https:\/\/www.berliner-obdachlosenhilfe.de\/en\/blog\/dw-enteignen\/\">Am 26.09.: Dein JA! f\u00fcr den Volksentscheid z\u00e4hlt!<\/a><\/li>\n<li><div class=\"wp-block-latest-posts__featured-image aligncenter\"><img loading=\"lazy\" decoding=\"async\" width=\"1024\" height=\"682\" src=\"https:\/\/www.berliner-obdachlosenhilfe.de\/wp-content\/uploads\/2020\/03\/sabrina-klamotten-1024x682.jpg\" class=\"attachment-large size-large wp-post-image\" alt=\"\" style=\"\" srcset=\"https:\/\/www.berliner-obdachlosenhilfe.de\/wp-content\/uploads\/2020\/03\/sabrina-klamotten-1024x682.jpg 1024w, https:\/\/www.berliner-obdachlosenhilfe.de\/wp-content\/uploads\/2020\/03\/sabrina-klamotten-300x200.jpg 300w, https:\/\/www.berliner-obdachlosenhilfe.de\/wp-content\/uploads\/2020\/03\/sabrina-klamotten-768x512.jpg 768w, https:\/\/www.berliner-obdachlosenhilfe.de\/wp-content\/uploads\/2020\/03\/sabrina-klamotten-570x380.jpg 570w, https:\/\/www.berliner-obdachlosenhilfe.de\/wp-content\/uploads\/2020\/03\/sabrina-klamotten.jpg 1280w\" sizes=\"(max-width: 1024px) 100vw, 1024px\" \/><\/div><a class=\"wp-block-latest-posts__post-title\" href=\"https:\/\/www.berliner-obdachlosenhilfe.de\/en\/blog\/redebeitrag-zum-kampftag-der-arbeitslosen-am-2-mai-2021\/\">Redebeitrag zum Kampftag der Arbeitslosen am 2. Mai 2021.<\/a><\/li>\n<\/ul>","protected":false},"excerpt":{"rendered":"<p>We help those in need We are a non-profit organization and since 2013 we have been carrying out aid tours on the streets of Berlin to provide homeless and needy people with warm food, drinks, clothing, sleeping bags, hygiene articles, other necessities and a warming conversation. For this purpose, we currently travel four days a [&hellip;]<\/p>\n","protected":false},"author":1,"featured_media":0,"parent":0,"menu_order":0,"comment_status":"closed","ping_status":"closed","template":"","meta":{"ub_ctt_via":"","footnotes":""},"class_list":["post-51","page","type-page","status-publish"],"translation":{"provider":"WPGlobus","version":"3.0.0","language":"en","enabled_languages":["de","en"],"languages":{"de":{"title":true,"content":true,"excerpt":false},"en":{"title":true,"content":true,"excerpt":false}}},"featured_image_src":null,"yoast_head":"<!-- This site is optimized with the Yoast SEO plugin v25.7 - https:\/\/yoast.com\/wordpress\/plugins\/seo\/ -->\n<title>Berliner Obdachlosenhilfe e.V. I Helfen ist einfach!<\/title>\n<meta name=\"robots\" content=\"index, follow, max-snippet:-1, max-image-preview:large, max-video-preview:-1\" \/>\n<link rel=\"canonical\" href=\"https:\/\/www.berliner-obdachlosenhilfe.de\/\" \/>\n<meta property=\"og:locale\" content=\"en_US\" \/>\n<meta property=\"og:type\" content=\"article\" \/>\n<meta property=\"og:title\" content=\"Home - Berliner Obdachlosenhilfe e.V.\" \/>\n<meta property=\"og:url\" content=\"https:\/\/www.berliner-obdachlosenhilfe.de\/\" \/>\n<meta property=\"og:site_name\" content=\"Berliner Obdachlosenhilfe e.V.\" \/>\n<meta property=\"article:publisher\" content=\"https:\/\/www.facebook.com\/b.obdachlosenhilfe\" \/>\n<meta property=\"article:modified_time\" content=\"2024-04-17T10:05:25+00:00\" \/>\n<meta name=\"twitter:card\" content=\"summary_large_image\" \/>\n<meta name=\"twitter:site\" content=\"@B_Obdachlosenhi\" \/>\n<meta name=\"twitter:label1\" content=\"Est. reading time\" \/>\n\t<meta name=\"twitter:data1\" content=\"1 minute\" \/>\n<script type=\"application\/ld+json\" class=\"yoast-schema-graph\">{\"@context\":\"https:\/\/schema.org\",\"@graph\":[{\"@type\":\"WebPage\",\"@id\":\"https:\/\/www.berliner-obdachlosenhilfe.de\/\",\"url\":\"https:\/\/www.berliner-obdachlosenhilfe.de\/\",\"name\":\"Berliner Obdachlosenhilfe e.V. I Helfen ist einfach!\",\"isPartOf\":{\"@id\":\"https:\/\/www.berliner-obdachlosenhilfe.de\/#website\"},\"datePublished\":\"2018-05-13T16:24:38+00:00\",\"dateModified\":\"2024-04-17T10:05:25+00:00\",\"description\":\"Das ehrenamtliche Team der Berliner Obdachlosenhilfe e.V. unterst\u00fctzt bed\u00fcrftige, wohnungs- und obdachlose Menschen auf der Stra\u00dfe mit warmem Essen und Kleidung.\",\"breadcrumb\":{\"@id\":\"https:\/\/www.berliner-obdachlosenhilfe.de\/#breadcrumb\"},\"inLanguage\":\"en-US\",\"potentialAction\":[{\"@type\":\"ReadAction\",\"target\":[\"https:\/\/www.berliner-obdachlosenhilfe.de\/\"]}]},{\"@type\":\"BreadcrumbList\",\"@id\":\"https:\/\/www.berliner-obdachlosenhilfe.de\/#breadcrumb\",\"itemListElement\":[{\"@type\":\"ListItem\",\"position\":1,\"name\":\"Startseite\",\"item\":\"https:\/\/www.berliner-obdachlosenhilfe.de\/\"},{\"@type\":\"ListItem\",\"position\":2,\"name\":\"Home\"}]},{\"@type\":\"WebSite\",\"@id\":\"https:\/\/www.berliner-obdachlosenhilfe.de\/#website\",\"url\":\"https:\/\/www.berliner-obdachlosenhilfe.de\/\",\"name\":\"Berliner Obdachlosenhilfe e.V.\",\"description\":\"\",\"publisher\":{\"@id\":\"https:\/\/www.berliner-obdachlosenhilfe.de\/#organization\"},\"potentialAction\":[{\"@type\":\"SearchAction\",\"target\":{\"@type\":\"EntryPoint\",\"urlTemplate\":\"https:\/\/www.berliner-obdachlosenhilfe.de\/?s={search_term_string}\"},\"query-input\":{\"@type\":\"PropertyValueSpecification\",\"valueRequired\":true,\"valueName\":\"search_term_string\"}}],\"inLanguage\":\"en-US\"},{\"@type\":\"Organization\",\"@id\":\"https:\/\/www.berliner-obdachlosenhilfe.de\/#organization\",\"name\":\"Berliner Obdachlosenhilfe e.V.\",\"url\":\"https:\/\/www.berliner-obdachlosenhilfe.de\/\",\"logo\":{\"@type\":\"ImageObject\",\"inLanguage\":\"en-US\",\"@id\":\"https:\/\/www.berliner-obdachlosenhilfe.de\/#\/schema\/logo\/image\/\",\"url\":\"https:\/\/www.berliner-obdachlosenhilfe.de\/wp-content\/uploads\/2024\/03\/logo_boh-hochaufloesend.jpg\",\"contentUrl\":\"https:\/\/www.berliner-obdachlosenhilfe.de\/wp-content\/uploads\/2024\/03\/logo_boh-hochaufloesend.jpg\",\"width\":1024,\"height\":494,\"caption\":\"Berliner Obdachlosenhilfe e.V.\"},\"image\":{\"@id\":\"https:\/\/www.berliner-obdachlosenhilfe.de\/#\/schema\/logo\/image\/\"},\"sameAs\":[\"https:\/\/www.facebook.com\/b.obdachlosenhilfe\",\"https:\/\/x.com\/B_Obdachlosenhi\"]}]}<\/script>\n<!-- \/ Yoast SEO plugin. -->","yoast_head_json":{"title":"Berliner Obdachlosenhilfe e.V. I Helfen ist einfach!","robots":{"index":"index","follow":"follow","max-snippet":"max-snippet:-1","max-image-preview":"max-image-preview:large","max-video-preview":"max-video-preview:-1"},"canonical":"https:\/\/www.berliner-obdachlosenhilfe.de\/","og_locale":"en_US","og_type":"article","og_title":"Home - Berliner Obdachlosenhilfe e.V.","og_url":"https:\/\/www.berliner-obdachlosenhilfe.de\/","og_site_name":"Berliner Obdachlosenhilfe e.V.","article_publisher":"https:\/\/www.facebook.com\/b.obdachlosenhilfe","article_modified_time":"2024-04-17T10:05:25+00:00","twitter_card":"summary_large_image","twitter_site":"@B_Obdachlosenhi","twitter_misc":{"Est. reading time":"1 minute"},"schema":{"@context":"https:\/\/schema.org","@graph":[{"@type":"WebPage","@id":"https:\/\/www.berliner-obdachlosenhilfe.de\/","url":"https:\/\/www.berliner-obdachlosenhilfe.de\/","name":"Berliner Obdachlosenhilfe e.V. I Helfen ist einfach!","isPartOf":{"@id":"https:\/\/www.berliner-obdachlosenhilfe.de\/#website"},"datePublished":"2018-05-13T16:24:38+00:00","dateModified":"2024-04-17T10:05:25+00:00","description":"Das ehrenamtliche Team der Berliner Obdachlosenhilfe e.V. unterst\u00fctzt bed\u00fcrftige, wohnungs- und obdachlose Menschen auf der Stra\u00dfe mit warmem Essen und Kleidung.","breadcrumb":{"@id":"https:\/\/www.berliner-obdachlosenhilfe.de\/#breadcrumb"},"inLanguage":"en-US","potentialAction":[{"@type":"ReadAction","target":["https:\/\/www.berliner-obdachlosenhilfe.de\/"]}]},{"@type":"BreadcrumbList","@id":"https:\/\/www.berliner-obdachlosenhilfe.de\/#breadcrumb","itemListElement":[{"@type":"ListItem","position":1,"name":"Startseite","item":"https:\/\/www.berliner-obdachlosenhilfe.de\/"},{"@type":"ListItem","position":2,"name":"Home"}]},{"@type":"WebSite","@id":"https:\/\/www.berliner-obdachlosenhilfe.de\/#website","url":"https:\/\/www.berliner-obdachlosenhilfe.de\/","name":"Berliner Obdachlosenhilfe e.V.","description":"","publisher":{"@id":"https:\/\/www.berliner-obdachlosenhilfe.de\/#organization"},"potentialAction":[{"@type":"SearchAction","target":{"@type":"EntryPoint","urlTemplate":"https:\/\/www.berliner-obdachlosenhilfe.de\/?s={search_term_string}"},"query-input":{"@type":"PropertyValueSpecification","valueRequired":true,"valueName":"search_term_string"}}],"inLanguage":"en-US"},{"@type":"Organization","@id":"https:\/\/www.berliner-obdachlosenhilfe.de\/#organization","name":"Berliner Obdachlosenhilfe e.V.","url":"https:\/\/www.berliner-obdachlosenhilfe.de\/","logo":{"@type":"ImageObject","inLanguage":"en-US","@id":"https:\/\/www.berliner-obdachlosenhilfe.de\/#\/schema\/logo\/image\/","url":"https:\/\/www.berliner-obdachlosenhilfe.de\/wp-content\/uploads\/2024\/03\/logo_boh-hochaufloesend.jpg","contentUrl":"https:\/\/www.berliner-obdachlosenhilfe.de\/wp-content\/uploads\/2024\/03\/logo_boh-hochaufloesend.jpg","width":1024,"height":494,"caption":"Berliner Obdachlosenhilfe e.V."},"image":{"@id":"https:\/\/www.berliner-obdachlosenhilfe.de\/#\/schema\/logo\/image\/"},"sameAs":["https:\/\/www.facebook.com\/b.obdachlosenhilfe","https:\/\/x.com\/B_Obdachlosenhi"]}]}},"builder_content":"","_links":{"self":[{"href":"https:\/\/www.berliner-obdachlosenhilfe.de\/en\/wp-json\/wp\/v2\/pages\/51"}],"collection":[{"href":"https:\/\/www.berliner-obdachlosenhilfe.de\/en\/wp-json\/wp\/v2\/pages"}],"about":[{"href":"https:\/\/www.berliner-obdachlosenhilfe.de\/en\/wp-json\/wp\/v2\/types\/page"}],"author":[{"embeddable":true,"href":"https:\/\/www.berliner-obdachlosenhilfe.de\/en\/wp-json\/wp\/v2\/users\/1"}],"replies":[{"embeddable":true,"href":"https:\/\/www.berliner-obdachlosenhilfe.de\/en\/wp-json\/wp\/v2\/comments?post=51"}],"version-history":[{"count":114,"href":"https:\/\/www.berliner-obdachlosenhilfe.de\/en\/wp-json\/wp\/v2\/pages\/51\/revisions"}],"predecessor-version":[{"id":3331,"href":"https:\/\/www.berliner-obdachlosenhilfe.de\/en\/wp-json\/wp\/v2\/pages\/51\/revisions\/3331"}],"wp:attachment":[{"href":"https:\/\/www.berliner-obdachlosenhilfe.de\/en\/wp-json\/wp\/v2\/media?parent=51"}],"curies":[{"name":"wp","href":"https:\/\/api.w.org\/{rel}","templated":true}]}}