{"id":47,"date":"2018-05-13T18:22:00","date_gmt":"2018-05-13T16:22:00","guid":{"rendered":"http:\/\/www.berliner-obdachlosenhilfe.de\/?page_id=47"},"modified":"2025-01-13T23:43:27","modified_gmt":"2025-01-13T22:43:27","slug":"spenden","status":"publish","type":"page","link":"https:\/\/www.berliner-obdachlosenhilfe.de\/en\/spenden\/","title":{"rendered":"Where your Donation goes"},"content":{"rendered":"\n<p>The Berliner Obdachlosenhilfe e. V. is almost <strong>exclusively funded on donations<\/strong>. They cover our three times a week<strong> helping tours <\/strong>for homeless people and persons in need, our <strong>emergency shelter<\/strong> and our night caf\u00e9, as well as the <strong>rent and the maintenance of the association\u2019s facilities. <\/strong><\/p>\n\n\n\n<figure class=\"wp-block-image size-large is-resized\"><img loading=\"lazy\" decoding=\"async\" width=\"960\" height=\"720\" src=\"https:\/\/www.berliner-obdachlosenhilfe.de\/wp-content\/uploads\/2019\/12\/Spenden-Schlafs\u00e4cke.jpg\" alt=\"mit deiner Spende kaufen wir Schlafs\u00e4cke f\u00fcr obdachlose Menschen\" class=\"wp-image-1298\" style=\"width:255px;height:191px\" srcset=\"https:\/\/www.berliner-obdachlosenhilfe.de\/wp-content\/uploads\/2019\/12\/Spenden-Schlafs\u00e4cke.jpg 960w, https:\/\/www.berliner-obdachlosenhilfe.de\/wp-content\/uploads\/2019\/12\/Spenden-Schlafs\u00e4cke-300x225.jpg 300w, https:\/\/www.berliner-obdachlosenhilfe.de\/wp-content\/uploads\/2019\/12\/Spenden-Schlafs\u00e4cke-768x576.jpg 768w, https:\/\/www.berliner-obdachlosenhilfe.de\/wp-content\/uploads\/2019\/12\/Spenden-Schlafs\u00e4cke-570x428.jpg 570w\" sizes=\"(max-width: 960px) 100vw, 960px\" \/><\/figure>\n\n\n\n<p>If you like the idea and the work of the Berliner Obdachlosenhilfe e.V., then <strong>please support us with your <a href=\"https:\/\/www.berliner-obdachlosenhilfe.de\/en\/geldspende\/\">money<\/a> or <a href=\"https:\/\/www.berliner-obdachlosenhilfe.de\/en\/sachspende\/\">donation of goods.<\/a><\/strong><\/p>\n\n\n\n<p>Please do bear in mind that we cannot accept all kinds of donated goods but rather <strong>only items that people living on the streets really need. <\/strong>For this, please take a look at our<strong> <a rel=\"noreferrer noopener\" aria-label=\"demand list. (\u00f6ffnet in neuem Tab)\" href=\"https:\/\/docs.google.com\/spreadsheets\/d\/1RU_2GFZDt2PrAj0JttJjbwZoyY9Pk-gmqLoboKSAE5Y\/edit#gid=110962814\" target=\"_blank\">demand list.<\/a><\/strong><\/p>\n\n\n\n<p><strong>What do we buy with your donations?<\/strong><\/p>\n\n\n\n<p><strong>Everything for the tours<\/strong><\/p>\n\n\n\n<p>Primarily, we buy things that are important for\npeople living on the streets but which are, however, rarely donated. This\nmainly involves sleeping bags,\nbackpacks, camping mats, tents, warm shoes, underwear or socks. With the money,\nwe, of course, cover our van, the rent and the maintenance and equipment of our\npremises. <\/p>\n\n\n\n<p><strong>Food products<\/strong><\/p>\n\n\n\n<p>We receive the biggest share of our food for the tours\nfor our emergency shelter from the Tafel and Foodsharing, but we also buy\nnon-perishable foods, spices, and coffee additionally. <\/p>\n\n\n\n<p><strong>Salaries<\/strong><\/p>\n\n\n\n<p>Even though our organisation jobs are mainly volunteer-based, we\nhave individuals\nfor accounting, cleaning of the rooms and administrative tasks on our payroll. <\/p>\n\n\n\n<p><strong>Projects and Public Relations<\/strong><\/p>\n\n\n\n<p>From time to time, we have specific projects such as the currently\non-going Mobility for All campaign, thanks to which we purchase BVG tickets for\npeople in need and we remunerate the public relations work.<\/p>\n\n\n\n<p><strong>Every\ndonation is welcome &#8211; no matter how small. Each Euro counts!<\/strong><\/p>\n\n\n\n<p>Thank\nyou for your support.<\/p>\n\n\n\n<p>Your\nBerliner Obdachlosenhilfe e.V. Team<\/p>\n\n\n<!-- wp:themify-builder\/canvas \/-->","protected":false},"excerpt":{"rendered":"<p>The Berliner Obdachlosenhilfe e. V. is almost exclusively funded on donations. They cover our three times a week helping tours for homeless people and persons in need, our emergency shelter and our night caf\u00e9, as well as the rent and the maintenance of the association\u2019s facilities. If you like the idea and the work of [&hellip;]<\/p>\n","protected":false},"author":1,"featured_media":1298,"parent":0,"menu_order":0,"comment_status":"closed","ping_status":"closed","template":"","meta":{"ub_ctt_via":"","footnotes":""},"class_list":["post-47","page","type-page","status-publish","has-post-thumbnail"],"translation":{"provider":"WPGlobus","version":"3.0.0","language":"en","enabled_languages":["de","en"],"languages":{"de":{"title":true,"content":true,"excerpt":false},"en":{"title":true,"content":true,"excerpt":false}}},"featured_image_src":"https:\/\/www.berliner-obdachlosenhilfe.de\/wp-content\/uploads\/2019\/12\/Spenden-Schlafs\u00e4cke.jpg","yoast_head":"<!-- This site is optimized with the Yoast SEO plugin v25.7 - https:\/\/yoast.com\/wordpress\/plugins\/seo\/ -->\n<title>Where your Donation goes - Berliner Obdachlosenhilfe e.V.<\/title>\n<meta name=\"robots\" content=\"index, follow, max-snippet:-1, max-image-preview:large, max-video-preview:-1\" \/>\n<link rel=\"canonical\" href=\"https:\/\/www.berliner-obdachlosenhilfe.de\/spenden\/\" \/>\n<meta property=\"og:locale\" content=\"en_US\" \/>\n<meta property=\"og:type\" content=\"article\" \/>\n<meta property=\"og:title\" content=\"Where your Donation goes - Berliner Obdachlosenhilfe e.V.\" \/>\n<meta property=\"og:url\" content=\"https:\/\/www.berliner-obdachlosenhilfe.de\/spenden\/\" \/>\n<meta property=\"og:site_name\" content=\"Berliner Obdachlosenhilfe e.V.\" \/>\n<meta property=\"article:publisher\" content=\"https:\/\/www.facebook.com\/b.obdachlosenhilfe\" \/>\n<meta property=\"article:modified_time\" content=\"2025-01-13T22:43:27+00:00\" \/>\n<meta property=\"og:image\" content=\"https:\/\/www.berliner-obdachlosenhilfe.de\/wp-content\/uploads\/2019\/12\/Spenden-Schlafs\u00e4cke.jpg\" \/>\n\t<meta property=\"og:image:width\" content=\"960\" \/>\n\t<meta property=\"og:image:height\" content=\"720\" \/>\n\t<meta property=\"og:image:type\" content=\"image\/jpeg\" \/>\n<meta name=\"twitter:card\" content=\"summary_large_image\" \/>\n<meta name=\"twitter:site\" content=\"@B_Obdachlosenhi\" \/>\n<meta name=\"twitter:label1\" content=\"Est. reading time\" \/>\n\t<meta name=\"twitter:data1\" content=\"2 minutes\" \/>\n<script type=\"application\/ld+json\" class=\"yoast-schema-graph\">{\"@context\":\"https:\/\/schema.org\",\"@graph\":[{\"@type\":\"WebPage\",\"@id\":\"https:\/\/www.berliner-obdachlosenhilfe.de\/spenden\/\",\"url\":\"https:\/\/www.berliner-obdachlosenhilfe.de\/spenden\/\",\"name\":\"Where your Donation goes - Berliner Obdachlosenhilfe e.V.\",\"isPartOf\":{\"@id\":\"https:\/\/www.berliner-obdachlosenhilfe.de\/#website\"},\"primaryImageOfPage\":{\"@id\":\"https:\/\/www.berliner-obdachlosenhilfe.de\/spenden\/#primaryimage\"},\"image\":{\"@id\":\"https:\/\/www.berliner-obdachlosenhilfe.de\/spenden\/#primaryimage\"},\"thumbnailUrl\":\"https:\/\/www.berliner-obdachlosenhilfe.de\/wp-content\/uploads\/2019\/12\/Spenden-Schlafs\u00e4cke.jpg\",\"datePublished\":\"2018-05-13T16:22:00+00:00\",\"dateModified\":\"2025-01-13T22:43:27+00:00\",\"breadcrumb\":{\"@id\":\"https:\/\/www.berliner-obdachlosenhilfe.de\/spenden\/#breadcrumb\"},\"inLanguage\":\"en-US\",\"potentialAction\":[{\"@type\":\"ReadAction\",\"target\":[\"https:\/\/www.berliner-obdachlosenhilfe.de\/spenden\/\"]}]},{\"@type\":\"ImageObject\",\"inLanguage\":\"en-US\",\"@id\":\"https:\/\/www.berliner-obdachlosenhilfe.de\/spenden\/#primaryimage\",\"url\":\"https:\/\/www.berliner-obdachlosenhilfe.de\/wp-content\/uploads\/2019\/12\/Spenden-Schlafs\u00e4cke.jpg\",\"contentUrl\":\"https:\/\/www.berliner-obdachlosenhilfe.de\/wp-content\/uploads\/2019\/12\/Spenden-Schlafs\u00e4cke.jpg\",\"width\":960,\"height\":720,\"caption\":\"mit deiner Spende kaufen wir Schlafs\u00e4cke f\u00fcr obdachlose Menschen\"},{\"@type\":\"BreadcrumbList\",\"@id\":\"https:\/\/www.berliner-obdachlosenhilfe.de\/spenden\/#breadcrumb\",\"itemListElement\":[{\"@type\":\"ListItem\",\"position\":1,\"name\":\"Startseite\",\"item\":\"https:\/\/www.berliner-obdachlosenhilfe.de\/\"},{\"@type\":\"ListItem\",\"position\":2,\"name\":\"Wof\u00fcr ihr spendet\"}]},{\"@type\":\"WebSite\",\"@id\":\"https:\/\/www.berliner-obdachlosenhilfe.de\/#website\",\"url\":\"https:\/\/www.berliner-obdachlosenhilfe.de\/\",\"name\":\"Berliner Obdachlosenhilfe e.V.\",\"description\":\"\",\"publisher\":{\"@id\":\"https:\/\/www.berliner-obdachlosenhilfe.de\/#organization\"},\"potentialAction\":[{\"@type\":\"SearchAction\",\"target\":{\"@type\":\"EntryPoint\",\"urlTemplate\":\"https:\/\/www.berliner-obdachlosenhilfe.de\/?s={search_term_string}\"},\"query-input\":{\"@type\":\"PropertyValueSpecification\",\"valueRequired\":true,\"valueName\":\"search_term_string\"}}],\"inLanguage\":\"en-US\"},{\"@type\":\"Organization\",\"@id\":\"https:\/\/www.berliner-obdachlosenhilfe.de\/#organization\",\"name\":\"Berliner Obdachlosenhilfe e.V.\",\"url\":\"https:\/\/www.berliner-obdachlosenhilfe.de\/\",\"logo\":{\"@type\":\"ImageObject\",\"inLanguage\":\"en-US\",\"@id\":\"https:\/\/www.berliner-obdachlosenhilfe.de\/#\/schema\/logo\/image\/\",\"url\":\"https:\/\/www.berliner-obdachlosenhilfe.de\/wp-content\/uploads\/2024\/03\/logo_boh-hochaufloesend.jpg\",\"contentUrl\":\"https:\/\/www.berliner-obdachlosenhilfe.de\/wp-content\/uploads\/2024\/03\/logo_boh-hochaufloesend.jpg\",\"width\":1024,\"height\":494,\"caption\":\"Berliner Obdachlosenhilfe e.V.\"},\"image\":{\"@id\":\"https:\/\/www.berliner-obdachlosenhilfe.de\/#\/schema\/logo\/image\/\"},\"sameAs\":[\"https:\/\/www.facebook.com\/b.obdachlosenhilfe\",\"https:\/\/x.com\/B_Obdachlosenhi\"]}]}<\/script>\n<!-- \/ Yoast SEO plugin. -->","yoast_head_json":{"title":"Where your Donation goes - Berliner Obdachlosenhilfe e.V.","robots":{"index":"index","follow":"follow","max-snippet":"max-snippet:-1","max-image-preview":"max-image-preview:large","max-video-preview":"max-video-preview:-1"},"canonical":"https:\/\/www.berliner-obdachlosenhilfe.de\/spenden\/","og_locale":"en_US","og_type":"article","og_title":"Where your Donation goes - Berliner Obdachlosenhilfe e.V.","og_url":"https:\/\/www.berliner-obdachlosenhilfe.de\/spenden\/","og_site_name":"Berliner Obdachlosenhilfe e.V.","article_publisher":"https:\/\/www.facebook.com\/b.obdachlosenhilfe","article_modified_time":"2025-01-13T22:43:27+00:00","og_image":[{"width":960,"height":720,"url":"https:\/\/www.berliner-obdachlosenhilfe.de\/wp-content\/uploads\/2019\/12\/Spenden-Schlafs\u00e4cke.jpg","type":"image\/jpeg"}],"twitter_card":"summary_large_image","twitter_site":"@B_Obdachlosenhi","twitter_misc":{"Est. reading time":"2 minutes"},"schema":{"@context":"https:\/\/schema.org","@graph":[{"@type":"WebPage","@id":"https:\/\/www.berliner-obdachlosenhilfe.de\/spenden\/","url":"https:\/\/www.berliner-obdachlosenhilfe.de\/spenden\/","name":"Where your Donation goes - Berliner Obdachlosenhilfe e.V.","isPartOf":{"@id":"https:\/\/www.berliner-obdachlosenhilfe.de\/#website"},"primaryImageOfPage":{"@id":"https:\/\/www.berliner-obdachlosenhilfe.de\/spenden\/#primaryimage"},"image":{"@id":"https:\/\/www.berliner-obdachlosenhilfe.de\/spenden\/#primaryimage"},"thumbnailUrl":"https:\/\/www.berliner-obdachlosenhilfe.de\/wp-content\/uploads\/2019\/12\/Spenden-Schlafs\u00e4cke.jpg","datePublished":"2018-05-13T16:22:00+00:00","dateModified":"2025-01-13T22:43:27+00:00","breadcrumb":{"@id":"https:\/\/www.berliner-obdachlosenhilfe.de\/spenden\/#breadcrumb"},"inLanguage":"en-US","potentialAction":[{"@type":"ReadAction","target":["https:\/\/www.berliner-obdachlosenhilfe.de\/spenden\/"]}]},{"@type":"ImageObject","inLanguage":"en-US","@id":"https:\/\/www.berliner-obdachlosenhilfe.de\/spenden\/#primaryimage","url":"https:\/\/www.berliner-obdachlosenhilfe.de\/wp-content\/uploads\/2019\/12\/Spenden-Schlafs\u00e4cke.jpg","contentUrl":"https:\/\/www.berliner-obdachlosenhilfe.de\/wp-content\/uploads\/2019\/12\/Spenden-Schlafs\u00e4cke.jpg","width":960,"height":720,"caption":"mit deiner Spende kaufen wir Schlafs\u00e4cke f\u00fcr obdachlose Menschen"},{"@type":"BreadcrumbList","@id":"https:\/\/www.berliner-obdachlosenhilfe.de\/spenden\/#breadcrumb","itemListElement":[{"@type":"ListItem","position":1,"name":"Startseite","item":"https:\/\/www.berliner-obdachlosenhilfe.de\/"},{"@type":"ListItem","position":2,"name":"Wof\u00fcr ihr spendet"}]},{"@type":"WebSite","@id":"https:\/\/www.berliner-obdachlosenhilfe.de\/#website","url":"https:\/\/www.berliner-obdachlosenhilfe.de\/","name":"Berliner Obdachlosenhilfe e.V.","description":"","publisher":{"@id":"https:\/\/www.berliner-obdachlosenhilfe.de\/#organization"},"potentialAction":[{"@type":"SearchAction","target":{"@type":"EntryPoint","urlTemplate":"https:\/\/www.berliner-obdachlosenhilfe.de\/?s={search_term_string}"},"query-input":{"@type":"PropertyValueSpecification","valueRequired":true,"valueName":"search_term_string"}}],"inLanguage":"en-US"},{"@type":"Organization","@id":"https:\/\/www.berliner-obdachlosenhilfe.de\/#organization","name":"Berliner Obdachlosenhilfe e.V.","url":"https:\/\/www.berliner-obdachlosenhilfe.de\/","logo":{"@type":"ImageObject","inLanguage":"en-US","@id":"https:\/\/www.berliner-obdachlosenhilfe.de\/#\/schema\/logo\/image\/","url":"https:\/\/www.berliner-obdachlosenhilfe.de\/wp-content\/uploads\/2024\/03\/logo_boh-hochaufloesend.jpg","contentUrl":"https:\/\/www.berliner-obdachlosenhilfe.de\/wp-content\/uploads\/2024\/03\/logo_boh-hochaufloesend.jpg","width":1024,"height":494,"caption":"Berliner Obdachlosenhilfe e.V."},"image":{"@id":"https:\/\/www.berliner-obdachlosenhilfe.de\/#\/schema\/logo\/image\/"},"sameAs":["https:\/\/www.facebook.com\/b.obdachlosenhilfe","https:\/\/x.com\/B_Obdachlosenhi"]}]}},"builder_content":"","_links":{"self":[{"href":"https:\/\/www.berliner-obdachlosenhilfe.de\/en\/wp-json\/wp\/v2\/pages\/47"}],"collection":[{"href":"https:\/\/www.berliner-obdachlosenhilfe.de\/en\/wp-json\/wp\/v2\/pages"}],"about":[{"href":"https:\/\/www.berliner-obdachlosenhilfe.de\/en\/wp-json\/wp\/v2\/types\/page"}],"author":[{"embeddable":true,"href":"https:\/\/www.berliner-obdachlosenhilfe.de\/en\/wp-json\/wp\/v2\/users\/1"}],"replies":[{"embeddable":true,"href":"https:\/\/www.berliner-obdachlosenhilfe.de\/en\/wp-json\/wp\/v2\/comments?post=47"}],"version-history":[{"count":57,"href":"https:\/\/www.berliner-obdachlosenhilfe.de\/en\/wp-json\/wp\/v2\/pages\/47\/revisions"}],"predecessor-version":[{"id":4017,"href":"https:\/\/www.berliner-obdachlosenhilfe.de\/en\/wp-json\/wp\/v2\/pages\/47\/revisions\/4017"}],"wp:featuredmedia":[{"embeddable":true,"href":"https:\/\/www.berliner-obdachlosenhilfe.de\/en\/wp-json\/wp\/v2\/media\/1298"}],"wp:attachment":[{"href":"https:\/\/www.berliner-obdachlosenhilfe.de\/en\/wp-json\/wp\/v2\/media?parent=47"}],"curies":[{"name":"wp","href":"https:\/\/api.w.org\/{rel}","templated":true}]}}